{"id":10,"date":"2023-01-31T21:43:44","date_gmt":"2023-01-31T21:43:44","guid":{"rendered":"http:\/\/www.galijardin.com\/?page_id=10"},"modified":"2024-06-02T16:46:49","modified_gmt":"2024-06-02T16:46:49","slug":"contacto","status":"publish","type":"page","link":"https:\/\/www.galijardin.com\/index.php\/contacto\/","title":{"rendered":"Contacto"},"content":{"rendered":"\n<p>\u00bf <em>Necesitas informaci\u00f3n sobre alguno de nuestros servicios<\/em> ? <em>Env\u00edanos todas tus<\/em> <em>preguntas<\/em> ,  <mark style=\"background-color:rgba(0, 0, 0, 0)\" class=\"has-inline-color has-vivid-cyan-blue-color\"> <strong>galijardinvigo@gmail.com<\/strong><\/mark><\/p>\n\n\n\n<p><em>O ll\u00e1mano<mark style=\"background-color:rgba(0, 0, 0, 0)\" class=\"has-inline-color has-vivid-cyan-blue-color\">s<\/mark><\/em><mark style=\"background-color:rgba(0, 0, 0, 0)\" class=\"has-inline-color has-vivid-cyan-blue-color\">  633 535 198<\/mark> , <em>estaremos encantados  de atenderte.<\/em><\/p>\n\n\n\n<p>Recuerda disponemos de servicio de urgencia fines de semana de 7 a 22hs para tu mayor tranquilidad.<\/p>\n","protected":false},"excerpt":{"rendered":"<p>\u00bf Necesitas informaci\u00f3n sobre alguno de nuestros servicios ? Env\u00edanos todas tus preguntas , galijardinvigo@gmail.com O ll\u00e1manos 633 535 198 , estaremos encantados de atenderte. Recuerda disponemos de servicio de urgencia fines de semana de 7 a 22hs para tu mayor tranquilidad.<\/p>\n","protected":false},"author":1,"featured_media":0,"parent":0,"menu_order":0,"comment_status":"closed","ping_status":"closed","template":"","meta":{"footnotes":""},"class_list":["post-10","page","type-page","status-publish","hentry"],"_links":{"self":[{"href":"https:\/\/www.galijardin.com\/index.php\/wp-json\/wp\/v2\/pages\/10","targetHints":{"allow":["GET"]}}],"collection":[{"href":"https:\/\/www.galijardin.com\/index.php\/wp-json\/wp\/v2\/pages"}],"about":[{"href":"https:\/\/www.galijardin.com\/index.php\/wp-json\/wp\/v2\/types\/page"}],"author":[{"embeddable":true,"href":"https:\/\/www.galijardin.com\/index.php\/wp-json\/wp\/v2\/users\/1"}],"replies":[{"embeddable":true,"href":"https:\/\/www.galijardin.com\/index.php\/wp-json\/wp\/v2\/comments?post=10"}],"version-history":[{"count":6,"href":"https:\/\/www.galijardin.com\/index.php\/wp-json\/wp\/v2\/pages\/10\/revisions"}],"predecessor-version":[{"id":167,"href":"https:\/\/www.galijardin.com\/index.php\/wp-json\/wp\/v2\/pages\/10\/revisions\/167"}],"wp:attachment":[{"href":"https:\/\/www.galijardin.com\/index.php\/wp-json\/wp\/v2\/media?parent=10"}],"curies":[{"name":"wp","href":"https:\/\/api.w.org\/{rel}","templated":true}]}}